{"id":45,"date":"2025-09-01T21:01:25","date_gmt":"2025-09-01T19:01:25","guid":{"rendered":"https:\/\/ueie.pl\/?page_id=45"},"modified":"2025-09-01T21:18:42","modified_gmt":"2025-09-01T19:18:42","slug":"mierniki","status":"publish","type":"page","link":"https:\/\/ueie.pl\/?page_id=45","title":{"rendered":"Mierniki"},"content":{"rendered":"\n<p>Mierniki posiadaj\u0105 aktualne \u015bwiadectwa wzorcowania<\/p>\n\n\n\n<p>MPI 502- miernik instalacji elektrycznych<\/p>\n\n\n\n<p>MIC-2505-miernik rezystancji izolacji<\/p>\n\n\n\n<p>KEW4105A-miernik rezystancji uziemie\u0144<\/p>\n\n\n\n<p>KEW4200-c\u0119gowy miernik rezystancji uziemie\u0144<\/p>\n\n\n\n<p>WG-507 udarowy miernik rezystancji uziemie\u0144<\/p>\n\n\n\n<p>LXP-1 luksomierz<\/p>\n\n\n\n<p>TR-10 kamera termowizyjna<\/p>\n\n\n\n<p><strong>MIC-2 nr fabr 641399 zagin\u0105\u0142 w m. Cygusy 18-07-25<\/strong><\/p>\n\n\n\n<p><\/p>\n","protected":false},"excerpt":{"rendered":"<p>Mierniki posiadaj\u0105 aktualne \u015bwiadectwa wzorcowania MPI 502- miernik instalacji elektrycznych MIC-2505-miernik rezystancji izolacji KEW4105A-miernik rezystancji uziemie\u0144 KEW4200-c\u0119gowy miernik rezystancji uziemie\u0144 WG-507 udarowy miernik rezystancji uziemie\u0144 LXP-1 luksomierz TR-10 kamera termowizyjna MIC-2 nr fabr 641399 zagin\u0105\u0142 w m. Cygusy 18-07-25<\/p>\n","protected":false},"author":1,"featured_media":0,"parent":0,"menu_order":0,"comment_status":"closed","ping_status":"closed","template":"","meta":{"footnotes":""},"class_list":["post-45","page","type-page","status-publish","hentry"],"_links":{"self":[{"href":"https:\/\/ueie.pl\/index.php?rest_route=\/wp\/v2\/pages\/45","targetHints":{"allow":["GET"]}}],"collection":[{"href":"https:\/\/ueie.pl\/index.php?rest_route=\/wp\/v2\/pages"}],"about":[{"href":"https:\/\/ueie.pl\/index.php?rest_route=\/wp\/v2\/types\/page"}],"author":[{"embeddable":true,"href":"https:\/\/ueie.pl\/index.php?rest_route=\/wp\/v2\/users\/1"}],"replies":[{"embeddable":true,"href":"https:\/\/ueie.pl\/index.php?rest_route=%2Fwp%2Fv2%2Fcomments&post=45"}],"version-history":[{"count":4,"href":"https:\/\/ueie.pl\/index.php?rest_route=\/wp\/v2\/pages\/45\/revisions"}],"predecessor-version":[{"id":51,"href":"https:\/\/ueie.pl\/index.php?rest_route=\/wp\/v2\/pages\/45\/revisions\/51"}],"wp:attachment":[{"href":"https:\/\/ueie.pl\/index.php?rest_route=%2Fwp%2Fv2%2Fmedia&parent=45"}],"curies":[{"name":"wp","href":"https:\/\/api.w.org\/{rel}","templated":true}]}}