{"id":2,"date":"2025-08-25T09:32:37","date_gmt":"2025-08-25T07:32:37","guid":{"rendered":"https:\/\/demo.ueie.pl\/?page_id=2"},"modified":"2025-08-25T09:47:10","modified_gmt":"2025-08-25T07:47:10","slug":"przykladowa-strona","status":"publish","type":"page","link":"https:\/\/ueie.pl\/","title":{"rendered":"Strona G\u0142\u00f3wna"},"content":{"rendered":"\n<p>Specjalizuj\u0119 si\u0119 w kompleksowych us\u0142ugach zwi\u0105zanych z instalacjami elektrycznymi w obiektach budowlanych. Oferuj\u0119 profesjonalne przegl\u0105dy, a tak\u017ce wykonawstwo instalacji elektrycznych, teletechnicznych i odgromowych, dbaj\u0105c o ich niezawodno\u015b\u0107, bezpiecze\u0144stwo oraz zgodno\u015b\u0107 z obowi\u0105zuj\u0105cymi normami.<\/p>\n\n\n\n<p>Moim nadrz\u0119dnym celem jest satysfakcja klienta, kt\u00f3r\u0105 osi\u0105gam poprzez rzetelne podej\u015bcie do ka\u017cdego zlecenia, terminowo\u015b\u0107 oraz konkurencyjne ceny. Do ka\u017cdego projektu podchodz\u0119 indywidualnie, dostosowuj\u0105c rozwi\u0105zania do potrzeb inwestora i specyfiki obiektu.<\/p>\n\n\n\n<p>Wieloletnie do\u015bwiadczenie w bran\u017cy pozwala mi sprawnie realizowa\u0107 zar\u00f3wno standardowe, jak i bardziej wymagaj\u0105ce czy nietypowe zlecenia. Dzi\u0119ki wiedzy technicznej, precyzji i zaanga\u017cowaniu mog\u0119 zagwarantowa\u0107 wysok\u0105 jako\u015b\u0107 us\u0142ug oraz d\u0142ugotrwa\u0142\u0105 i bezproblemow\u0105 eksploatacj\u0119 wykonanych instalacji.<\/p>\n\n\n\n<p><\/p>\n","protected":false},"excerpt":{"rendered":"<p>Specjalizuj\u0119 si\u0119 w kompleksowych us\u0142ugach zwi\u0105zanych z instalacjami elektrycznymi w obiektach budowlanych. Oferuj\u0119 profesjonalne przegl\u0105dy, a tak\u017ce wykonawstwo instalacji elektrycznych, teletechnicznych i odgromowych, dbaj\u0105c o ich niezawodno\u015b\u0107, bezpiecze\u0144stwo oraz zgodno\u015b\u0107 z obowi\u0105zuj\u0105cymi normami. Moim nadrz\u0119dnym celem jest satysfakcja klienta, kt\u00f3r\u0105 osi\u0105gam poprzez rzetelne podej\u015bcie do ka\u017cdego zlecenia, terminowo\u015b\u0107 oraz konkurencyjne ceny. Do ka\u017cdego projektu podchodz\u0119 [&hellip;]<\/p>\n","protected":false},"author":1,"featured_media":0,"parent":0,"menu_order":0,"comment_status":"closed","ping_status":"open","template":"","meta":{"footnotes":""},"class_list":["post-2","page","type-page","status-publish","hentry"],"_links":{"self":[{"href":"https:\/\/ueie.pl\/index.php?rest_route=\/wp\/v2\/pages\/2","targetHints":{"allow":["GET"]}}],"collection":[{"href":"https:\/\/ueie.pl\/index.php?rest_route=\/wp\/v2\/pages"}],"about":[{"href":"https:\/\/ueie.pl\/index.php?rest_route=\/wp\/v2\/types\/page"}],"author":[{"embeddable":true,"href":"https:\/\/ueie.pl\/index.php?rest_route=\/wp\/v2\/users\/1"}],"replies":[{"embeddable":true,"href":"https:\/\/ueie.pl\/index.php?rest_route=%2Fwp%2Fv2%2Fcomments&post=2"}],"version-history":[{"count":1,"href":"https:\/\/ueie.pl\/index.php?rest_route=\/wp\/v2\/pages\/2\/revisions"}],"predecessor-version":[{"id":19,"href":"https:\/\/ueie.pl\/index.php?rest_route=\/wp\/v2\/pages\/2\/revisions\/19"}],"wp:attachment":[{"href":"https:\/\/ueie.pl\/index.php?rest_route=%2Fwp%2Fv2%2Fmedia&parent=2"}],"curies":[{"name":"wp","href":"https:\/\/api.w.org\/{rel}","templated":true}]}}